{"id":2785,"date":"2021-04-08T09:24:32","date_gmt":"2021-04-08T08:24:32","guid":{"rendered":"http:\/\/anb030.de\/a\/?page_id=2785"},"modified":"2026-03-24T08:20:07","modified_gmt":"2026-03-24T07:20:07","slug":"ueber-diese-seite","status":"publish","type":"page","link":"https:\/\/anb030.de\/a\/menue\/ueber-diese-seite\/","title":{"rendered":"\u00dcber mich und diese Seite"},"content":{"rendered":"<div class=\"wp-block-image\">\n<figure class=\"aligncenter size-thumbnail\"><img loading=\"lazy\" decoding=\"async\" width=\"150\" height=\"150\" src=\"https:\/\/anb030.de\/a\/wp-content\/uploads\/2021\/04\/img_5369-150x150.png\" alt=\"\" class=\"wp-image-2788\" srcset=\"https:\/\/anb030.de\/a\/wp-content\/uploads\/2021\/04\/img_5369-150x150.png 150w, https:\/\/anb030.de\/a\/wp-content\/uploads\/2021\/04\/img_5369-300x300.png 300w, https:\/\/anb030.de\/a\/wp-content\/uploads\/2021\/04\/img_5369.png 1024w, https:\/\/anb030.de\/a\/wp-content\/uploads\/2021\/04\/img_5369-768x768.png 768w\" sizes=\"auto, (max-width: 150px) 100vw, 150px\" \/><\/figure>\n<\/div>\n\n\n<p class=\"has-text-align-left\">Hallo liebe Leserinnen &amp; Leser!<\/p>\n\n\n\n<p class=\"has-text-align-left\">Darf ich mich kurz vorstellen? Mein Name ist Andr\u00e9, ich bin waschechter Berliner und bringe neben meiner Neugier auf Neues auch die n\u00f6tige Erfahrung aus meinen \u201enicht mehr ganz jugendlichen\u201d Jahren mit.<\/p>\n\n\n\n<p class=\"has-text-align-left\">Ich bin ein \u201eEin-Personen-Betrieb\u201c, arbeite hauptberuflich im Gesundheitswesen und betreibe diese Seite als Hobbyprojekt in meiner Freizeit. Wenn Ihnen meine Arbeit gef\u00e4llt (die Beitr\u00e4ge, die Hintergrundbilder, mein allgemeines Auftreten \u2026 einfach alles), so d\u00fcrfen Sie gerne in Erw\u00e4gung ziehen, mir eine kleine Spende f\u00fcr zum Beispiel einen Caf\u00e9 \u2615\ufe0f per <strong><a href=\"https:\/\/www.paypal.com\/donate\/?hosted_button_id=TDP5X7EJD4SPQ\" target=\"_blank\" rel=\"noreferrer noopener\">PayPal.com<\/a><\/strong> zukommen zu lassen! Ihre Beteiligung ist unglaublich wertvoll und tr\u00e4gt viel zur Unterst\u00fctzung und Erhalt dieser werbefreien Seite bei!<\/p>\n\n\n\n<p><\/p>\n\n\n<div class=\"wp-block-image\">\n<figure class=\"aligncenter size-medium\"><a href=\"https:\/\/www.paypal.com\/donate\/?hosted_button_id=TDP5X7EJD4SPQ\" target=\"_blank\" rel=\"noreferrer noopener\"><img loading=\"lazy\" decoding=\"async\" width=\"300\" height=\"100\" src=\"https:\/\/anb030.de\/a\/wp-content\/uploads\/2022\/01\/img_2776-300x100.png\" alt=\"Spende mit PayPal\" class=\"wp-image-3992\" srcset=\"https:\/\/anb030.de\/a\/wp-content\/uploads\/2022\/01\/img_2776-300x100.png 300w, https:\/\/anb030.de\/a\/wp-content\/uploads\/2022\/01\/img_2776-1024x342.png 1024w, https:\/\/anb030.de\/a\/wp-content\/uploads\/2022\/01\/img_2776-768x256.png 768w, https:\/\/anb030.de\/a\/wp-content\/uploads\/2022\/01\/img_2776-1536x512.png 1536w, https:\/\/anb030.de\/a\/wp-content\/uploads\/2022\/01\/img_2776.png 2048w\" sizes=\"auto, (max-width: 300px) 100vw, 300px\" \/><\/a><\/figure>\n<\/div>\n\n<div class=\"wp-block-image\">\n<figure class=\"aligncenter size-thumbnail\"><img loading=\"lazy\" decoding=\"async\" width=\"150\" height=\"150\" src=\"https:\/\/anb030.de\/a\/wp-content\/uploads\/2022\/01\/img_2768-150x150.png\" alt=\"Spende mit PayPal - QR-Code\" class=\"wp-image-3996\" srcset=\"https:\/\/anb030.de\/a\/wp-content\/uploads\/2022\/01\/img_2768-150x150.png 150w, https:\/\/anb030.de\/a\/wp-content\/uploads\/2022\/01\/img_2768-300x300.png 300w, https:\/\/anb030.de\/a\/wp-content\/uploads\/2022\/01\/img_2768.png 384w\" sizes=\"auto, (max-width: 150px) 100vw, 150px\" \/><\/figure>\n<\/div>\n\n\n<p><\/p>\n\n\n\n<p class=\"has-text-align-left\">Meine Leidenschaft gilt dem Apple-\u00d6kosystem. Dabei fasziniert mich das Zusammenspiel von Hardware und Software ebenso wie die kreative Fotografie mit dem iPhone. Ich liebe es, urbane Landschaften, Architektur und das pulsierende Berliner Gro\u00dfstadtleben durch die Linse einzufangen.<\/p>\n\n\n\n<p class=\"has-text-align-left\">Diese visuelle Begeisterung h\u00f6rt aber nicht beim Ausl\u00f6ser auf. Ich gestalte mit Leidenschaft eigene Wallpaper und Icons, um meinem digitalen Alltag eine pers\u00f6nliche Note zu verleihen. F\u00fcr mich sind meine selbst erstellten Grafiken die perfekte Erg\u00e4nzung zum cleanen Apple-Design, das ich so sch\u00e4tze.<\/p>\n\n\n\n<p class=\"has-text-align-left\">\u00dcber die Jahre hat sich mein Fokus stetig erweitert: Heute schl\u00e4gt mein Herz zudem f\u00fcr ein intelligentes Zuhause auf Basis moderner Standards wie Matter over Thread. Wenn ich nicht gerade an smarten L\u00f6sungen t\u00fcftle, entwickle ich mit Leidenschaft eigene kleine Web-Apps mit HTML, CSS und JavaScript. Besonders am Herzen liegt mir dabei die Unterst\u00fctzung der Community: Hier stelle ich regelm\u00e4\u00dfig innovative Indie-Entwickler und deren Apps vor, die mich durch ihre Kreativit\u00e4t begeistern.<\/p>\n\n\n\n<p class=\"has-text-align-left\">Genau deshalb findest du auf diesem Blog einen Mix aus Fotografie, Inspirationen, Erfahrungen, Einblicken in die iOS-Welt, Smart-Home-Setups und handfesten Web-Tipps \u2013 kurz gesagt: Ein Teller bunte Knete aus der digitalen Welt. Das alles nat\u00fcrlich nur, solange ich neben meinem Hauptberuf noch Zeit daf\u00fcr finde.<\/p>\n\n\n\n<h2 class=\"wp-block-heading has-text-align-left\">Ein Blog ist Herzblut, \u2026<\/h2>\n\n\n\n<p class=\"has-text-align-left\">\u2026 aber ein bisschen Ordnung muss sein. Hier erf\u00e4hrst du, wie ich es mit der Transparenz und den Regeln auf anb030.de handhabe.<\/p>\n\n\n\n<h3 class=\"wp-block-heading has-text-align-left\">Transparenz und Werbung<\/h3>\n\n\n\n<p class=\"has-text-align-left\">Ich finanziere diesen Blog nicht \u00fcber klassische Werbung oder Affiliate-Links. Wenn ich etwas empfehle, dann aus \u00dcberzeugung.<\/p>\n\n\n\n<ul class=\"wp-block-list\" style=\"text-align: left;\">\n\n<li>Keine gekauften Inhalte: Bezahlte, aber ungekennzeichnete Artikel wird es hier nie geben.<br><br><\/li>\n\n\n<li>Testmuster: Wenn mir Firmen Hardware (z. B. Smart-Home-Gadgets) oder Software-Keys zur Verf\u00fcgung stellen, entsteht daraus kein Anspruch auf einen Bericht. Hardware schicke ich nach dem Test grunds\u00e4tzlich zur\u00fcck, Software verbleibt systembedingt in meinem Besitz.<br><br><\/li>\n\n\n<li>Kaffee-Prinzip: Anstatt Werbebanner zu schalten, freue ich mich \u00fcber eine freiwillige Unterst\u00fctzung via PayPal (\u201eKaffee-Spende\u201c).<\/li>\n\n<\/ul>\n\n\n\n<h3 class=\"wp-block-heading has-text-align-left\">Haftung &amp; Links<\/h3>\n\n\n\n<p class=\"has-text-align-left\">Zum Zeitpunkt der Ver\u00f6ffentlichung schaue ich mir jeden Link genau an. Da sich das Internet jedoch sehr schnell ver\u00e4ndert, kann ich keine dauerhafte Haftung f\u00fcr externe Inhalte \u00fcbernehmen. Sollte ein Link \u201eschlecht\u201c werden oder Rechte verletzen, melde dich bitte, damit ich ihn sofort entfernen kann.<br \/>Urheberrecht &amp; Creative Commons<br \/>Sharing is caring \u2013 aber bitte mit Regeln. Meine Inhalte stehen unter der Creative-Commons-Lizenz (BY-NC-SA 4.0). Das hei\u00dft: Teilen und Anpassen ist erlaubt, solange es nicht kommerziell ist, mein Name genannt wird und die neuen Inhalte unter denselben Bedingungen weitergegeben werden. F\u00fcr alles, was dar\u00fcber hinausgeht (z. B. Vollzitate au\u00dferhalb des gesetzlichen Rahmens), frage mich bitte vorher.<\/p>\n\n\n\n<h3 class=\"wp-block-heading has-text-align-left\">Datenschutz &amp; Fehlerkultur<\/h3>\n\n\n\n<ul class=\"wp-block-list\" style=\"text-align: left;\">\n\n<li>Datensparsamkeit: Ich sammle nur das N\u00f6tigste (z. B. IP-Adressen in Server-Logs) und schaue sie mir weder an noch werte ich sie aus. Deine Daten werden niemals verkauft. Details dazu findest du in meiner Datenschutzerkl\u00e4rung.<\/li>\n\n<\/ul>\n\n\n\n<ul class=\"wp-block-list\" style=\"text-align: left;\">\n\n<li>Irren ist menschlich: Wenn mir ein Fehler unterl\u00e4uft, korrigiere ich ihn offen. Ich l\u00f6sche Irrt\u00fcmer nicht einfach, sondern streiche sie durch, damit die \u00c4nderung f\u00fcr dich nachvollziehbar bleibt.<\/li>\n\n<\/ul>\n\n\n\n<h3 class=\"wp-block-heading has-text-align-left\">Hinweis in eigener Sache:<\/h3>\n\n\n\n<p class=\"has-text-align-left\">anb030.de ist ein unabh\u00e4ngiges Projekt f\u00fcr Enthusiasten des Apple-\u00d6kosystems (iPhone, iPad &amp; Co.) sowie des Smart Homes. Grafikdesign und Fotografie. Diese Seite steht in keiner gesch\u00e4ftlichen Verbindung zu Apple Inc. oder deren Partnern. Alle Rechte vorbehalten.<\/p>\n\n\n\n<h2 class=\"wp-block-heading has-text-align-left\">Du m\u00f6chtest Kontakt zu mir aufnehmen?<\/h2>\n\n\n\n<p class=\"has-text-align-left\">Du kannst mich gerne \u00fcber die unten aufgef\u00fchrten Social Media Kan\u00e4le kontaktieren f\u00fcr Verbesserungsvorschl\u00e4ge, Themen Hinweise, Fehlern in Artikeln oder ganz einfach f\u00fcr Zeugs, dass dir auf der Seele brennt. Nat\u00fcrlich geht das ganze auch altmodisch per E-Mail unter \u2026! \u263b<\/p>\n\n\n\n<figure class=\"wp-block-image size-large\"><img loading=\"lazy\" decoding=\"async\" width=\"1024\" height=\"768\" src=\"https:\/\/anb030.de\/a\/wp-content\/uploads\/2023\/12\/img_1002-1.jpg\" alt=\"Kontakt Karte \" class=\"wp-image-7479\" srcset=\"https:\/\/anb030.de\/a\/wp-content\/uploads\/2023\/12\/img_1002-1.jpg 1024w, https:\/\/anb030.de\/a\/wp-content\/uploads\/2023\/12\/img_1002-1-300x225.jpg 300w, https:\/\/anb030.de\/a\/wp-content\/uploads\/2023\/12\/img_1002-1-768x576.jpg 768w\" sizes=\"auto, (max-width: 1024px) 100vw, 1024px\" \/><\/figure>\n\n\n\n<p><\/p>\n","protected":false},"excerpt":{"rendered":"<p>Hallo liebe Leserinnen &amp; Leser! Darf ich mich kurz vorstellen? Mein Name ist Andr\u00e9, ich bin waschechter Berliner und bringe neben meiner Neugier auf Neues auch die n\u00f6tige Erfahrung aus meinen \u201enicht mehr ganz jugendlichen\u201d Jahren mit. Ich bin ein \u201eEin-Personen-Betrieb\u201c, arbeite hauptberuflich im Gesundheitswesen und betreibe diese Seite als Hobbyprojekt in meiner Freizeit. Wenn [&hellip;]<\/p>\n","protected":false},"author":1,"featured_media":0,"parent":2821,"menu_order":0,"comment_status":"closed","ping_status":"closed","template":"","meta":{"footnotes":""},"class_list":["post-2785","page","type-page","status-publish","hentry","gallery-content-unit"],"_links":{"self":[{"href":"https:\/\/anb030.de\/a\/wp-json\/wp\/v2\/pages\/2785","targetHints":{"allow":["GET"]}}],"collection":[{"href":"https:\/\/anb030.de\/a\/wp-json\/wp\/v2\/pages"}],"about":[{"href":"https:\/\/anb030.de\/a\/wp-json\/wp\/v2\/types\/page"}],"author":[{"embeddable":true,"href":"https:\/\/anb030.de\/a\/wp-json\/wp\/v2\/users\/1"}],"replies":[{"embeddable":true,"href":"https:\/\/anb030.de\/a\/wp-json\/wp\/v2\/comments?post=2785"}],"version-history":[{"count":33,"href":"https:\/\/anb030.de\/a\/wp-json\/wp\/v2\/pages\/2785\/revisions"}],"predecessor-version":[{"id":10345,"href":"https:\/\/anb030.de\/a\/wp-json\/wp\/v2\/pages\/2785\/revisions\/10345"}],"up":[{"embeddable":true,"href":"https:\/\/anb030.de\/a\/wp-json\/wp\/v2\/pages\/2821"}],"wp:attachment":[{"href":"https:\/\/anb030.de\/a\/wp-json\/wp\/v2\/media?parent=2785"}],"curies":[{"name":"wp","href":"https:\/\/api.w.org\/{rel}","templated":true}]}}