{"id":2821,"date":"2021-04-08T18:40:07","date_gmt":"2021-04-08T17:40:07","guid":{"rendered":"http:\/\/anb030.de\/a\/?page_id=2821"},"modified":"2026-03-24T08:33:26","modified_gmt":"2026-03-24T07:33:26","slug":"menue","status":"publish","type":"page","link":"https:\/\/anb030.de\/a\/menue\/","title":{"rendered":"\u2261 Men\u00fc"},"content":{"rendered":"<div style=\"max-width: 1000px; margin: 0 auto; box-sizing: border-box; padding: 20px 16px;\">\n<p style=\"text-align: center; font-family: Georgia, 'Times New Roman', serif; font-size: 14px; font-weight: 400; color: #555; letter-spacing: 0.14em; text-transform: uppercase; margin-bottom: 30px; width: 100%\">\n        W\u00e4hle einen Bereich\n    <\/p>\n<div style=\"display: grid; grid-template-columns: repeat(auto-fit, minmax(280px, 1fr)); gap: 0 40px;\">\n<p>        <a href=\"https:\/\/anb030.de\/a\/rechtliches\/\" style=\"display: flex; align-items: center; gap: 14px; padding: 15px 0; text-decoration: none; border-bottom: 1px solid #e0f4f5; color: #333\"><br \/>\n            <span style=\"display: flex; align-items: center; justify-content: center; width: 48px; height: 48px; background: #004D9D; border: 2px solid #00b0ba; border-radius: 12px; flex-shrink: 0\"><br \/>\n                <img decoding=\"async\" src=\"https:\/\/anb030.de\/menu\/legal.png\" alt=\"Rechtliches\" style=\"width: 30px; height: 30px; object-fit: contain; display: block\"><br \/>\n            <\/span><br \/>\n            <span style=\"font-family: -apple-system, BlinkMacSystemFont, 'Segoe UI', sans-serif; font-size: 15px; font-weight: 800; letter-spacing: 0.04em\">Rechtliches<\/span><br \/>\n        <\/a><\/p>\n<p>        <a href=\"https:\/\/anb030.de\/a\/menue\/ueber-diese-seite\/\" style=\"display: flex; align-items: center; gap: 14px; padding: 15px 0; text-decoration: none; border-bottom: 1px solid #e0f4f5; color: #333\"><br \/>\n            <span style=\"display: flex; align-items: center; justify-content: center; width: 48px; height: 48px; background: #004D9D; border: 2px solid #00b0ba; border-radius: 12px; flex-shrink: 0\"><br \/>\n                <img decoding=\"async\" src=\"https:\/\/anb030.de\/menu\/aboutme.png\" alt=\"\u00dcber mich\" style=\"width: 30px; height: 30px; object-fit: contain; display: block\"><br \/>\n            <\/span><br \/>\n            <span style=\"font-family: -apple-system, BlinkMacSystemFont, 'Segoe UI', sans-serif; font-size: 15px; font-weight: 800; letter-spacing: 0.04em\">\u00dcber mich<\/span><br \/>\n        <\/a><\/p>\n<p>        <a href=\"https:\/\/anb030.de\/a\/menue\/login\/\" style=\"display: flex; align-items: center; gap: 14px; padding: 15px 0; text-decoration: none; border-bottom: 1px solid #e0f4f5; color: #333\"><br \/>\n            <span style=\"display: flex; align-items: center; justify-content: center; width: 48px; height: 48px; background: #004D9D; border: 2px solid #00b0ba; border-radius: 12px; flex-shrink: 0\"><br \/>\n                <img decoding=\"async\" src=\"https:\/\/anb030.de\/menu\/login.png\" alt=\"LogIn\" style=\"width: 30px; height: 30px; object-fit: contain; display: block\"><br \/>\n            <\/span><br \/>\n            <span style=\"font-family: -apple-system, BlinkMacSystemFont, 'Segoe UI', sans-serif; font-size: 15px; font-weight: 800; letter-spacing: 0.04em\">LogIn<\/span><br \/>\n        <\/a><\/p>\n<p>        <a href=\"https:\/\/anb030.de\/a\/selfmade-gift-cards\/#more-3224\" style=\"display: flex; align-items: center; gap: 14px; padding: 15px 0; text-decoration: none; border-bottom: 1px solid #e0f4f5; color: #333\"><br \/>\n            <span style=\"display: flex; align-items: center; justify-content: center; width: 48px; height: 48px; background: #004D9D; border: 2px solid #00b0ba; border-radius: 12px; flex-shrink: 0\"><br \/>\n                <img decoding=\"async\" src=\"https:\/\/anb030.de\/menu\/card.png\" alt=\"Gru\u00dfkarten\" style=\"width: 30px; height: 30px; object-fit: contain; display: block\"><br \/>\n            <\/span><br \/>\n            <span style=\"font-family: -apple-system, BlinkMacSystemFont, 'Segoe UI', sans-serif; font-size: 15px; font-weight: 800; letter-spacing: 0.04em\">Gru\u00dfkarten<\/span><br \/>\n        <\/a><\/p>\n<p>        <a href=\"https:\/\/anb030.de\/audiobooks\/\" style=\"display: flex; align-items: center; gap: 14px; padding: 15px 0; text-decoration: none; border-bottom: 1px solid #e0f4f5; color: #333\"><br \/>\n            <span style=\"display: flex; align-items: center; justify-content: center; width: 48px; height: 48px; background: #004D9D; border: 2px solid #00b0ba; border-radius: 12px; flex-shrink: 0\"><br \/>\n                <img decoding=\"async\" src=\"https:\/\/anb030.de\/menu\/headphone.png\" alt=\"H\u00f6rspiele\" style=\"width: 30px; height: 30px; object-fit: contain; display: block\"><br \/>\n            <\/span><br \/>\n            <span style=\"font-family: -apple-system, BlinkMacSystemFont, 'Segoe UI', sans-serif; font-size: 15px; font-weight: 800; letter-spacing: 0.04em\">H\u00f6rspiele<\/span><br \/>\n        <\/a><\/p>\n<p>        <a href=\"https:\/\/anb030.de\/a\/menue\/webapps\/\" style=\"display: flex; align-items: center; gap: 14px; padding: 15px 0; text-decoration: none; border-bottom: 1px solid #e0f4f5; color: #333\"><br \/>\n            <span style=\"display: flex; align-items: center; justify-content: center; width: 48px; height: 48px; background: #004D9D; border: 2px solid #00b0ba; border-radius: 12px; flex-shrink: 0\"><br \/>\n                <img decoding=\"async\" src=\"https:\/\/anb030.de\/menu\/webapp.png\" alt=\"Meine WebApp's\" style=\"width: 30px; height: 30px; object-fit: contain; display: block\"><br \/>\n            <\/span><br \/>\n            <span style=\"font-family: -apple-system, BlinkMacSystemFont, 'Segoe UI', sans-serif; font-size: 15px; font-weight: 800; letter-spacing: 0.04em\">Meine WebApp&#8217;s<\/span><br \/>\n        <\/a><\/p>\n<p>        <a href=\"https:\/\/anb030.de\/a\/menue\/extras\/\" style=\"display: flex; align-items: center; gap: 14px; padding: 15px 0; text-decoration: none; border-bottom: 1px solid #e0f4f5; color: #333\"><br \/>\n            <span style=\"display: flex; align-items: center; justify-content: center; width: 48px; height: 48px; background: #004D9D; border: 2px solid #00b0ba; border-radius: 12px; flex-shrink: 0\"><br \/>\n                <img decoding=\"async\" src=\"https:\/\/anb030.de\/menu\/extra.png\" alt=\"Extra's\" style=\"width: 30px; height: 30px; object-fit: contain; display: block\"><br \/>\n            <\/span><br \/>\n            <span style=\"font-family: -apple-system, BlinkMacSystemFont, 'Segoe UI', sans-serif; font-size: 15px; font-weight: 800; letter-spacing: 0.04em\">Extra&#8217;s<\/span><br \/>\n        <\/a><\/p><\/div>\n<\/div>\n","protected":false},"excerpt":{"rendered":"<p>W\u00e4hle einen Bereich Rechtliches \u00dcber mich LogIn Gru\u00dfkarten H\u00f6rspiele Meine WebApp&#8217;s Extra&#8217;s<\/p>\n","protected":false},"author":1,"featured_media":0,"parent":0,"menu_order":0,"comment_status":"closed","ping_status":"closed","template":"","meta":{"footnotes":""},"class_list":["post-2821","page","type-page","status-publish","hentry","gallery-content-unit"],"_links":{"self":[{"href":"https:\/\/anb030.de\/a\/wp-json\/wp\/v2\/pages\/2821","targetHints":{"allow":["GET"]}}],"collection":[{"href":"https:\/\/anb030.de\/a\/wp-json\/wp\/v2\/pages"}],"about":[{"href":"https:\/\/anb030.de\/a\/wp-json\/wp\/v2\/types\/page"}],"author":[{"embeddable":true,"href":"https:\/\/anb030.de\/a\/wp-json\/wp\/v2\/users\/1"}],"replies":[{"embeddable":true,"href":"https:\/\/anb030.de\/a\/wp-json\/wp\/v2\/comments?post=2821"}],"version-history":[{"count":37,"href":"https:\/\/anb030.de\/a\/wp-json\/wp\/v2\/pages\/2821\/revisions"}],"predecessor-version":[{"id":10400,"href":"https:\/\/anb030.de\/a\/wp-json\/wp\/v2\/pages\/2821\/revisions\/10400"}],"wp:attachment":[{"href":"https:\/\/anb030.de\/a\/wp-json\/wp\/v2\/media?parent=2821"}],"curies":[{"name":"wp","href":"https:\/\/api.w.org\/{rel}","templated":true}]}}