{"id":9243,"date":"2025-06-22T14:33:51","date_gmt":"2025-06-22T13:33:51","guid":{"rendered":"https:\/\/anb030.de\/a\/?page_id=9243"},"modified":"2026-03-24T08:17:52","modified_gmt":"2026-03-24T07:17:52","slug":"rechtliches","status":"publish","type":"page","link":"https:\/\/anb030.de\/a\/menue\/rechtliches\/","title":{"rendered":"Rechtliches"},"content":{"rendered":"\n<p class=\"has-text-align-left p1\">Stand: 22. Juni 2025<\/p>\n\n\n\n<h2 class=\"wp-block-heading\"><strong>Ein kurzes Vorwort<\/strong><\/h2>\n\n\n\n<p class=\"has-text-align-left\">Ich m\u00f6chte darauf hinweisen, dass ich diese Internetseite rein privat betreibe als Hobbyprojekt und keinerlei kommerzielle Zwecke damit verfolge. Aus diesem Grund wird f\u00fcr diese Seite kein besonderer LogIn, Werbung oder \u00c4hnliches bereitgestellt. Die Intention hinter dieser Internetseite ist rein am Spa\u00df ausgerichtet.<\/p>\n\n\n\n<h2 class=\"wp-block-heading has-text-align-left\">Angaben gem\u00e4\u00df \u00a7 5 TMG (Telemediengesetz)<\/h2>\n\n\n\n<p class=\"has-text-align-left\">Diese Seite ist eine reine private Website (Hobby-Blog ohne Werbung, keine Einnahmen) und ben\u00f6tigt daher kein Impressum sowie Ansprechpartner mit Namen.<\/p>\n\n\n\n<h2 class=\"wp-block-heading has-text-align-left\">Impressum: Inhaltsverantwortlichen f\u00fcr den Inhalt: \u00a7 18 Abs. 2 MStV (Medienstaatsvertrag)<\/h2>\n\n\n\n<p class=\"has-text-align-left\">Da ich journalistisch-redaktionelle Inhalte mit einem journalistischen Anspruch ver\u00f6ffentliche, schreibt der Medienstaatsvertrag (\u00a718 Abs. 2 MStV) vor, dass der Inhaltsverantwortliche im Impressum genannt werden muss. Das gilt vor allem f\u00fcr Websites mit Nachrichten, Artikeln oder \u00e4hnlichen Inhalten, bei denen Transparenz \u00fcber die verantwortliche Person wichtig ist.<\/p>\n\n\n\n<figure class=\"wp-block-image size-large\"><img loading=\"lazy\" decoding=\"async\" width=\"1024\" height=\"768\" src=\"https:\/\/anb030.de\/a\/wp-content\/uploads\/2023\/12\/img_0995-1.jpg\" alt=\"\" class=\"wp-image-7475\" srcset=\"https:\/\/anb030.de\/a\/wp-content\/uploads\/2023\/12\/img_0995-1.jpg 1024w, https:\/\/anb030.de\/a\/wp-content\/uploads\/2023\/12\/img_0995-1-300x225.jpg 300w, https:\/\/anb030.de\/a\/wp-content\/uploads\/2023\/12\/img_0995-1-768x576.jpg 768w\" sizes=\"auto, (max-width: 1024px) 100vw, 1024px\" \/><\/figure>\n\n\n\n<h2 class=\"wp-block-heading has-text-align-left\">Nutzungsbedingungen<\/h2>\n\n\n\n<p class=\"has-text-align-left p1\">1. Geltungsbereich<\/p>\n\n\n\n<p class=\"has-text-align-left p1\">Diese Website richtet sich an Nutzer aus Deutschland. Mit dem Zugriff auf die Website erkl\u00e4ren Sie sich mit diesen Bedingungen einverstanden.<\/p>\n\n\n\n<p class=\"has-text-align-left p1\">2. Inhalte<\/p>\n\n\n\n<p class=\"has-text-align-left p1\">Die Inhalte auf dieser Website dienen ausschlie\u00dflich der Information. Es wird keine Haftung f\u00fcr Richtigkeit, Vollst\u00e4ndigkeit oder Aktualit\u00e4t \u00fcbernommen.<\/p>\n\n\n\n<p class=\"has-text-align-left p1\">3. Urheberrecht<\/p>\n\n\n\n<p class=\"has-text-align-left p1\">Alle Inhalte, Bilder und Texte sind urheberrechtlich gesch\u00fctzt und d\u00fcrfen ohne schriftliche Zustimmung nicht verwendet werden.<\/p>\n\n\n\n<p class=\"has-text-align-left p1\">4. Haftung<\/p>\n\n\n\n<p class=\"has-text-align-left p1\">Der Betreiber haftet nicht f\u00fcr etwaige Sch\u00e4den, die durch die Nutzung dieser Website entstehen, es sei denn, sie beruhen auf Vorsatz oder grober Fahrl\u00e4ssigkeit.<\/p>\n\n\n\n<p class=\"has-text-align-left p1\">5. Externe Links<\/p>\n\n\n\n<p class=\"has-text-align-left p1\">Diese Website kann Links zu externen Websites enthalten. F\u00fcr deren Inhalte wird keine Verantwortung \u00fcbernommen.<\/p>\n\n\n\n<p class=\"has-text-align-left p1\">6. Gerichtsstand und anwendbares Recht<\/p>\n\n\n\n<p class=\"has-text-align-left p1\">Es gilt deutsches Recht. Gerichtsstand ist Berlin.<\/p>\n\n\n\n<h2 class=\"wp-block-heading has-text-align-left\">Datenschutzerkl\u00e4rung<\/h2>\n\n\n\n<p class=\"has-text-align-left p1\">1. Allgemeines<\/p>\n\n\n\n<p class=\"has-text-align-left p1\">Der Schutz Ihrer pers\u00f6nlichen Daten ist mir ein besonderes Anliegen. Ich verarbeite Ihre Daten daher ausschlie\u00dflich auf Grundlage der gesetzlichen Bestimmungen (DSGVO, TMG).<\/p>\n\n\n\n<p class=\"has-text-align-left p1\">2. Erhebung und Speicherung personenbezogener Daten<\/p>\n\n\n\n<p class=\"has-text-align-left p1\">Beim Besuch dieser Website k\u00f6nnen folgende Daten automatisch erfasst werden:<\/p>\n\n\n\n<p class=\"has-text-align-left p1\">&#8211; IP-Adresse<\/p>\n\n\n\n<p class=\"p1\">&#8211; Datum und Uhrzeit des Zugriffs<\/p>\n\n\n\n<p class=\"p1\">&#8211; Besuchte Seiten<\/p>\n\n\n\n<p class=\"has-text-align-left p1\">&#8211; Referrer-URL (Website, von der Sie kommen)<\/p>\n\n\n\n<p class=\"has-text-align-left p1\">&#8211; Browsertyp\/-version<\/p>\n\n\n\n<p class=\"has-text-align-left p1\">&#8211; Betriebssystem<\/p>\n\n\n\n<p class=\"has-text-align-left p1\">Diese Daten werden f\u00fcr die Systemsicherheit, zur Fehlerdiagnose und f\u00fcr statistische Zwecke verwendet. Eine Zusammenf\u00fchrung mit anderen Datenquellen erfolgt nicht.<\/p>\n\n\n\n<p class=\"has-text-align-left p1\">3. Verwendung von Cookies<\/p>\n\n\n\n<p class=\"has-text-align-left p1\">Diese Website verwendet eventuell Cookies. Cookies sind kleine Textdateien, die auf Ihrem Endger\u00e4t gespeichert werden. Sie dienen der nutzerfreundlichen Gestaltung der Website.<\/p>\n\n\n\n<p class=\"has-text-align-left p1\">Sie k\u00f6nnen die Verwendung von Cookies \u00fcber Ihre Browsereinstellungen einschr\u00e4nken oder verhindern. Die Deaktivierung von Cookies kann jedoch die Funktionalit\u00e4t der Website beeintr\u00e4chtigen.<\/p>\n\n\n\n<p class=\"has-text-align-left p1\">4. Hosting durch 1blu<\/p>\n\n\n\n<p class=\"has-text-align-left p1\">Diese Website wird bei 1blu, Riedemannweg 60, 13627 Berlin, gehostet. 1blu speichert IP-Adressen in Server-Logfiles zur Erkennung und Abwehr von Angriffen.<\/p>\n\n\n\n<p class=\"has-text-align-left p1\">5. Kontakt zum Datenschutz<\/p>\n\n\n\n<p class=\"has-text-align-left p1\">Bei Fragen zur Erhebung, Verarbeitung oder Nutzung Ihrer personenbezogenen Daten wenden Sie sich bitte an: <em>(Siehe oben beim Punkt \u201eInhaltsverantwortlichen\u201c)<\/em><\/p>\n\n\n\n<p><\/p>\n\n\n\n<p><\/p>\n","protected":false},"excerpt":{"rendered":"<p>Stand: 22. Juni 2025 Ein kurzes Vorwort Ich m\u00f6chte darauf hinweisen, dass ich diese Internetseite rein privat betreibe als Hobbyprojekt und keinerlei kommerzielle Zwecke damit verfolge. Aus diesem Grund wird f\u00fcr diese Seite kein besonderer LogIn, Werbung oder \u00c4hnliches bereitgestellt. Die Intention hinter dieser Internetseite ist rein am Spa\u00df ausgerichtet. Angaben gem\u00e4\u00df \u00a7 5 TMG [&hellip;]<\/p>\n","protected":false},"author":1,"featured_media":0,"parent":2821,"menu_order":0,"comment_status":"closed","ping_status":"closed","template":"","meta":{"footnotes":""},"class_list":["post-9243","page","type-page","status-publish","hentry","gallery-content-unit"],"_links":{"self":[{"href":"https:\/\/anb030.de\/a\/wp-json\/wp\/v2\/pages\/9243","targetHints":{"allow":["GET"]}}],"collection":[{"href":"https:\/\/anb030.de\/a\/wp-json\/wp\/v2\/pages"}],"about":[{"href":"https:\/\/anb030.de\/a\/wp-json\/wp\/v2\/types\/page"}],"author":[{"embeddable":true,"href":"https:\/\/anb030.de\/a\/wp-json\/wp\/v2\/users\/1"}],"replies":[{"embeddable":true,"href":"https:\/\/anb030.de\/a\/wp-json\/wp\/v2\/comments?post=9243"}],"version-history":[{"count":2,"href":"https:\/\/anb030.de\/a\/wp-json\/wp\/v2\/pages\/9243\/revisions"}],"predecessor-version":[{"id":9266,"href":"https:\/\/anb030.de\/a\/wp-json\/wp\/v2\/pages\/9243\/revisions\/9266"}],"up":[{"embeddable":true,"href":"https:\/\/anb030.de\/a\/wp-json\/wp\/v2\/pages\/2821"}],"wp:attachment":[{"href":"https:\/\/anb030.de\/a\/wp-json\/wp\/v2\/media?parent=9243"}],"curies":[{"name":"wp","href":"https:\/\/api.w.org\/{rel}","templated":true}]}}